{"id":104,"date":"2023-03-23T13:00:23","date_gmt":"2023-03-23T12:00:23","guid":{"rendered":"http:\/\/wordpress.p638000.webspaceconfig.de\/?page_id=104"},"modified":"2024-05-06T15:02:03","modified_gmt":"2024-05-06T13:02:03","slug":"ueber","status":"publish","type":"page","link":"https:\/\/help4help.at\/en\/ueber\/","title":{"rendered":"Ueber"},"content":{"rendered":"<div class=\"wp-block-columns is-layout-flex wp-container-core-columns-is-layout-28f84493 wp-block-columns-is-layout-flex\">\n<div class=\"wp-block-column is-layout-flow wp-block-column-is-layout-flow\">\n<figure class=\"wp-block-image size-large\"><img loading=\"lazy\" decoding=\"async\" width=\"1024\" height=\"829\" src=\"http:\/\/wordpress.p638000.webspaceconfig.de\/wp-content\/uploads\/2023\/04\/52d6e072-b6cb-485e-89f1-ed7280eeb098-1024x829.webp\" alt=\"\" class=\"wp-image-190\" srcset=\"https:\/\/help4help.at\/wp-content\/uploads\/2023\/04\/52d6e072-b6cb-485e-89f1-ed7280eeb098-1024x829.webp 1024w, https:\/\/help4help.at\/wp-content\/uploads\/2023\/04\/52d6e072-b6cb-485e-89f1-ed7280eeb098-300x243.webp 300w, https:\/\/help4help.at\/wp-content\/uploads\/2023\/04\/52d6e072-b6cb-485e-89f1-ed7280eeb098-768x622.webp 768w, https:\/\/help4help.at\/wp-content\/uploads\/2023\/04\/52d6e072-b6cb-485e-89f1-ed7280eeb098-15x12.webp 15w, https:\/\/help4help.at\/wp-content\/uploads\/2023\/04\/52d6e072-b6cb-485e-89f1-ed7280eeb098.webp 1440w\" sizes=\"auto, (max-width: 1024px) 100vw, 1024px\" \/><\/figure>\n<\/div>\n\n\n\n<div class=\"wp-block-column is-layout-flow wp-block-column-is-layout-flow\">\n<h1 class=\"wp-block-heading\">About us<\/h1>\n\n\n\n<p>At Help4Help, we have set ourselves the goal of constantly improving the placement and provision of qualified nursing staff, medical specialists, doctors and medical specialists.<\/p>\n\n\n\n<p>We offer more than 13 years of experience in medical recruitment. We offer an additional 30 years of hospitality and staffing experience and are an accredited agency in Indonesia and the Philippines, supported by our worldwide network.<\/p>\n\n\n\n<p>To this end, we conclude contracts with institutes that train qualified nursing staff, therapists, home helpers, medical specialists, doctors and medical specialists. The partnerships are transnational and include, for example, in the EU: Croatia, Serbia, Romania, Poland, Bulgaria, Hungary and Slovakia, in third countries: Philippines and Indonesia and is constantly being expanded.<\/p>\n\n\n\n<p>Among other things, our focus is on supporting nursing staff, medical professionals, doctors and medical specialists in finding accommodation and registering in Austria and translating their documents for classification in Austria. Our aim is to integrate the employees into the Austrian social system and all associated benefits.<\/p>\n<\/div>\n<\/div>","protected":false},"excerpt":{"rendered":"<p>\u00dcber uns Wir als Help4Help, haben es uns als Ziel gesetzt, die Vermittlung bzw. \u00dcberlassung von diplomiertem Pflegepersonal, medizinischem Fachpersonal, \u00c4rzte und Fach\u00e4rzte stetig zu verbessern. Wir bieten mehr als 13 Jahre Erfahrung bei der Vermittlung von medizinischem Personal. Wir bieten zus\u00e4tzlich 30 Jahre Erfahrung im Hospitality Bereich und Personalwesen und sind eine akkreditierte Agentur &hellip;<\/p>\n<p class=\"read-more\"> <a class=\"\" href=\"https:\/\/help4help.at\/en\/ueber\/\"> <span class=\"screen-reader-text\">Ueber<\/span> Read More &raquo;<\/a><\/p>","protected":false},"author":1,"featured_media":0,"parent":0,"menu_order":0,"comment_status":"closed","ping_status":"closed","template":"","meta":{"site-sidebar-layout":"default","site-content-layout":"default","ast-global-header-display":"","ast-main-header-display":"","ast-hfb-above-header-display":"","ast-hfb-below-header-display":"","ast-hfb-mobile-header-display":"","site-post-title":"disabled","ast-breadcrumbs-content":"","ast-featured-img":"","footer-sml-layout":"","theme-transparent-header-meta":"","adv-header-id-meta":"","stick-header-meta":"","header-above-stick-meta":"","header-main-stick-meta":"","header-below-stick-meta":"","footnotes":""},"class_list":["post-104","page","type-page","status-publish","hentry"],"_links":{"self":[{"href":"https:\/\/help4help.at\/en\/wp-json\/wp\/v2\/pages\/104","targetHints":{"allow":["GET"]}}],"collection":[{"href":"https:\/\/help4help.at\/en\/wp-json\/wp\/v2\/pages"}],"about":[{"href":"https:\/\/help4help.at\/en\/wp-json\/wp\/v2\/types\/page"}],"author":[{"embeddable":true,"href":"https:\/\/help4help.at\/en\/wp-json\/wp\/v2\/users\/1"}],"replies":[{"embeddable":true,"href":"https:\/\/help4help.at\/en\/wp-json\/wp\/v2\/comments?post=104"}],"version-history":[{"count":12,"href":"https:\/\/help4help.at\/en\/wp-json\/wp\/v2\/pages\/104\/revisions"}],"predecessor-version":[{"id":461,"href":"https:\/\/help4help.at\/en\/wp-json\/wp\/v2\/pages\/104\/revisions\/461"}],"wp:attachment":[{"href":"https:\/\/help4help.at\/en\/wp-json\/wp\/v2\/media?parent=104"}],"curies":[{"name":"wp","href":"https:\/\/api.w.org\/{rel}","templated":true}]}}