{"id":239,"date":"2023-04-06T16:47:44","date_gmt":"2023-04-06T14:47:44","guid":{"rendered":"http:\/\/wordpress.p638000.webspaceconfig.de\/?page_id=239"},"modified":"2023-05-09T16:51:14","modified_gmt":"2023-05-09T14:51:14","slug":"cookie-policy","status":"publish","type":"page","link":"https:\/\/help4help.at\/en\/cookie-policy\/","title":{"rendered":"Cookie Policy"},"content":{"rendered":"<p>Diese Website verwendet Cookies. Weitere Informationen zu den Cookie-Arten finden sich unter den jeweiligen Kategorien.<\/p>\n\n\n\n<h3 class=\"wp-block-heading\">Unbedingt erforderlich<\/h3>\n\n\n\n<p>Unbedingt erforderliche Cookies erm\u00f6glichen grundlegende Funktionen und sind f\u00fcr die einwandfreie Funktion der Website erforderlich. Daher kann man sie nicht deaktivieren. Diese Art von Cookies wird ausschlie\u00dflich von dem Betreiber der Website verwendet (First-Party-Cookie) und s\u00e4mtliche Informationen, die in den Cookies gespeichert sind, werden nur an diese Website gesendet.<\/p>\n\n\n\n<p>Keine Cookies in dieser Kategorie<\/p>\n\n\n\n<h3 class=\"wp-block-heading\">Funktionell<\/h3>\n\n\n\n<p>Funktionelle Cookies erm\u00f6glichen dieser Website, bestimmte Funktionen zur Verf\u00fcgung zu stellen und Informationen zu speichern, die vom Nutzer eingegeben wurden \u2013 beispielsweise bereits registrierte Namen oder die Sprachauswahl. Damit werden verbesserte und personalisierte Funktionen gew\u00e4hrleistet.<\/p>\n\n\n\n<ul class=\"wp-block-list\">\n<li>Sprachauswahl (Name: wp_lang)<\/li>\n\n\n\n<li>Cookie Zustimmung &#8211; Consent (Name: wpcb)<\/li>\n<\/ul>\n\n\n\n<h3 class=\"wp-block-heading\">Marketing \/ Third Party<\/h3>\n\n\n\n<p>Marketing- \/ Third Party-Cookies stammen unter anderem von externen Werbeunternehmen und werden verwendet, um Informationen \u00fcber die vom Nutzer besuchten Websites zu sammeln, um z. B. zielgruppenorientierte Werbung f\u00fcr den Benutzer zu erstellen.<\/p>\n\n\n\n<p>Keine Cookies in dieser Kategorie<\/p>\n\n\n\n<h3 class=\"wp-block-heading\">Performance<\/h3>\n\n\n\n<p>Die Performance-Cookies sammeln Informationen dar\u00fcber, wie diese Website genutzt wird. Der Betreiber der Website nutzt diese Cookies um die Attraktivit\u00e4t, den Inhalt und die Funktionalit\u00e4t der Website zu verbessern.<\/p>\n\n\n\n<p>Keine Cookies in dieser Kategorie<\/p>","protected":false},"excerpt":{"rendered":"<p>Diese Website verwendet Cookies. Weitere Informationen zu den Cookie-Arten finden sich unter den jeweiligen Kategorien. Unbedingt erforderlich Unbedingt erforderliche Cookies erm\u00f6glichen grundlegende Funktionen und sind f\u00fcr die einwandfreie Funktion der Website erforderlich. Daher kann man sie nicht deaktivieren. Diese Art von Cookies wird ausschlie\u00dflich von dem Betreiber der Website verwendet (First-Party-Cookie) und s\u00e4mtliche Informationen, die &hellip;<\/p>\n<p class=\"read-more\"> <a class=\"\" href=\"https:\/\/help4help.at\/en\/cookie-policy\/\"> <span class=\"screen-reader-text\">Cookie Policy<\/span> Read More &raquo;<\/a><\/p>","protected":false},"author":1,"featured_media":0,"parent":0,"menu_order":0,"comment_status":"closed","ping_status":"closed","template":"","meta":{"site-sidebar-layout":"default","site-content-layout":"default","ast-global-header-display":"","ast-main-header-display":"","ast-hfb-above-header-display":"","ast-hfb-below-header-display":"","ast-hfb-mobile-header-display":"","site-post-title":"disabled","ast-breadcrumbs-content":"","ast-featured-img":"","footer-sml-layout":"","theme-transparent-header-meta":"","adv-header-id-meta":"","stick-header-meta":"","header-above-stick-meta":"","header-main-stick-meta":"","header-below-stick-meta":"","footnotes":""},"class_list":["post-239","page","type-page","status-publish","hentry"],"_links":{"self":[{"href":"https:\/\/help4help.at\/en\/wp-json\/wp\/v2\/pages\/239","targetHints":{"allow":["GET"]}}],"collection":[{"href":"https:\/\/help4help.at\/en\/wp-json\/wp\/v2\/pages"}],"about":[{"href":"https:\/\/help4help.at\/en\/wp-json\/wp\/v2\/types\/page"}],"author":[{"embeddable":true,"href":"https:\/\/help4help.at\/en\/wp-json\/wp\/v2\/users\/1"}],"replies":[{"embeddable":true,"href":"https:\/\/help4help.at\/en\/wp-json\/wp\/v2\/comments?post=239"}],"version-history":[{"count":7,"href":"https:\/\/help4help.at\/en\/wp-json\/wp\/v2\/pages\/239\/revisions"}],"predecessor-version":[{"id":412,"href":"https:\/\/help4help.at\/en\/wp-json\/wp\/v2\/pages\/239\/revisions\/412"}],"wp:attachment":[{"href":"https:\/\/help4help.at\/en\/wp-json\/wp\/v2\/media?parent=239"}],"curies":[{"name":"wp","href":"https:\/\/api.w.org\/{rel}","templated":true}]}}