{"id":67,"date":"2023-03-23T08:28:47","date_gmt":"2023-03-23T07:28:47","guid":{"rendered":"http:\/\/wordpress.p638000.webspaceconfig.de\/?page_id=67"},"modified":"2024-05-06T14:29:13","modified_gmt":"2024-05-06T12:29:13","slug":"startseitede","status":"publish","type":"page","link":"https:\/\/help4help.at\/en\/","title":{"rendered":"Home"},"content":{"rendered":"<div class=\"wp-block-cover alignfull is-light\" style=\"min-height:681px;aspect-ratio:unset;\"><span aria-hidden=\"true\" class=\"wp-block-cover__background has-background-dim\"><\/span><img loading=\"lazy\" decoding=\"async\" width=\"1920\" height=\"1080\" class=\"wp-block-cover__image-background wp-image-158\" alt=\"\" src=\"http:\/\/wordpress.p638000.webspaceconfig.de\/wp-content\/uploads\/2023\/04\/6a8c8120-bb32-4b15-a09a-ac4ab07fcdb9.jpg\" data-object-fit=\"cover\" srcset=\"https:\/\/help4help.at\/wp-content\/uploads\/2023\/04\/6a8c8120-bb32-4b15-a09a-ac4ab07fcdb9.jpg 1920w, https:\/\/help4help.at\/wp-content\/uploads\/2023\/04\/6a8c8120-bb32-4b15-a09a-ac4ab07fcdb9-300x169.jpg 300w, https:\/\/help4help.at\/wp-content\/uploads\/2023\/04\/6a8c8120-bb32-4b15-a09a-ac4ab07fcdb9-1024x576.jpg 1024w, https:\/\/help4help.at\/wp-content\/uploads\/2023\/04\/6a8c8120-bb32-4b15-a09a-ac4ab07fcdb9-768x432.jpg 768w, https:\/\/help4help.at\/wp-content\/uploads\/2023\/04\/6a8c8120-bb32-4b15-a09a-ac4ab07fcdb9-1536x864.jpg 1536w, https:\/\/help4help.at\/wp-content\/uploads\/2023\/04\/6a8c8120-bb32-4b15-a09a-ac4ab07fcdb9-18x10.jpg 18w\" sizes=\"auto, (max-width: 1920px) 100vw, 1920px\" \/><div class=\"wp-block-cover__inner-container is-layout-flow wp-block-cover-is-layout-flow\">\n<h1 class=\"wp-block-heading has-text-align-center\">Recruitment and support<\/h1>\n\n\n\n<p class=\"has-text-align-center\">We support the placement or provision of qualified personnel, medical specialists, doctors and medical specialists throughout Austria.<\/p>\n\n\n\n<div style=\"height:66px\" aria-hidden=\"true\" class=\"wp-block-spacer\"><\/div>\n\n\n\n<div class=\"wp-block-buttons is-vertical is-content-justification-center is-layout-flex wp-container-core-buttons-is-layout-0fce6862 wp-block-buttons-is-layout-flex\">\n<div class=\"wp-block-button\"><a class=\"wp-block-button__link wp-element-button\" href=\"#more\">Read more<\/a><\/div>\n<\/div>\n<\/div><\/div>\n\n\n\n<div style=\"height:45px\" aria-hidden=\"true\" id=\"more\" class=\"wp-block-spacer\"><\/div>\n\n\n\n<div class=\"wp-block-columns is-layout-flex wp-container-core-columns-is-layout-28f84493 wp-block-columns-is-layout-flex\">\n<div class=\"wp-block-column is-layout-flow wp-block-column-is-layout-flow\">\n<div class=\"wp-block-group is-vertical is-layout-flex wp-container-core-group-is-layout-fe9cc265 wp-block-group-is-layout-flex\">\n<figure class=\"wp-block-image size-large\"><img loading=\"lazy\" decoding=\"async\" width=\"1024\" height=\"1024\" src=\"http:\/\/wordpress.p638000.webspaceconfig.de\/wp-content\/uploads\/2023\/04\/d1a2f68d-b1f4-4fd3-9e76-ca72c08c8557-1024x1024.jpg\" alt=\"\" class=\"wp-image-161\" srcset=\"https:\/\/help4help.at\/wp-content\/uploads\/2023\/04\/d1a2f68d-b1f4-4fd3-9e76-ca72c08c8557-1024x1024.jpg 1024w, https:\/\/help4help.at\/wp-content\/uploads\/2023\/04\/d1a2f68d-b1f4-4fd3-9e76-ca72c08c8557-300x300.jpg 300w, https:\/\/help4help.at\/wp-content\/uploads\/2023\/04\/d1a2f68d-b1f4-4fd3-9e76-ca72c08c8557-150x150.jpg 150w, https:\/\/help4help.at\/wp-content\/uploads\/2023\/04\/d1a2f68d-b1f4-4fd3-9e76-ca72c08c8557-768x768.jpg 768w, https:\/\/help4help.at\/wp-content\/uploads\/2023\/04\/d1a2f68d-b1f4-4fd3-9e76-ca72c08c8557-12x12.jpg 12w, https:\/\/help4help.at\/wp-content\/uploads\/2023\/04\/d1a2f68d-b1f4-4fd3-9e76-ca72c08c8557.jpg 1440w\" sizes=\"auto, (max-width: 1024px) 100vw, 1024px\" \/><\/figure>\n\n\n\n<h3 class=\"wp-block-heading\">Our vision<\/h3>\n\n\n\n<p>We want to provide health and care facilities, as well as mobile social services, with the best possible specialists and at the same time provide these specialists with the best possible support.<\/p>\n<\/div>\n<\/div>\n\n\n\n<div class=\"wp-block-column is-layout-flow wp-block-column-is-layout-flow\">\n<div class=\"wp-block-group is-vertical is-layout-flex wp-container-core-group-is-layout-fe9cc265 wp-block-group-is-layout-flex\">\n<figure class=\"wp-block-image size-full\"><img loading=\"lazy\" decoding=\"async\" width=\"800\" height=\"800\" src=\"http:\/\/wordpress.p638000.webspaceconfig.de\/wp-content\/uploads\/2023\/04\/856e0136-d655-45b2-aa62-d6acfe0f55c1.jpg\" alt=\"\" class=\"wp-image-160\" srcset=\"https:\/\/help4help.at\/wp-content\/uploads\/2023\/04\/856e0136-d655-45b2-aa62-d6acfe0f55c1.jpg 800w, https:\/\/help4help.at\/wp-content\/uploads\/2023\/04\/856e0136-d655-45b2-aa62-d6acfe0f55c1-300x300.jpg 300w, https:\/\/help4help.at\/wp-content\/uploads\/2023\/04\/856e0136-d655-45b2-aa62-d6acfe0f55c1-150x150.jpg 150w, https:\/\/help4help.at\/wp-content\/uploads\/2023\/04\/856e0136-d655-45b2-aa62-d6acfe0f55c1-768x768.jpg 768w, https:\/\/help4help.at\/wp-content\/uploads\/2023\/04\/856e0136-d655-45b2-aa62-d6acfe0f55c1-12x12.jpg 12w\" sizes=\"auto, (max-width: 800px) 100vw, 800px\" \/><\/figure>\n\n\n\n<h3 class=\"wp-block-heading\">Our approach<\/h3>\n\n\n\n<p>We provide therapists, nursing assistants, home helpers, qualified staff, medical specialists, doctors and medical specialists to Austria through temporary employment.<\/p>\n<\/div>\n<\/div>\n\n\n\n<div class=\"wp-block-column is-layout-flow wp-block-column-is-layout-flow\">\n<div class=\"wp-block-group is-vertical is-layout-flex wp-container-core-group-is-layout-fe9cc265 wp-block-group-is-layout-flex\">\n<figure class=\"wp-block-image size-full\"><img loading=\"lazy\" decoding=\"async\" width=\"800\" height=\"800\" src=\"http:\/\/wordpress.p638000.webspaceconfig.de\/wp-content\/uploads\/2023\/04\/f299257d-30cf-4e15-ad02-ed6d3fb3c025.jpg\" alt=\"\" class=\"wp-image-162\" srcset=\"https:\/\/help4help.at\/wp-content\/uploads\/2023\/04\/f299257d-30cf-4e15-ad02-ed6d3fb3c025.jpg 800w, https:\/\/help4help.at\/wp-content\/uploads\/2023\/04\/f299257d-30cf-4e15-ad02-ed6d3fb3c025-300x300.jpg 300w, https:\/\/help4help.at\/wp-content\/uploads\/2023\/04\/f299257d-30cf-4e15-ad02-ed6d3fb3c025-150x150.jpg 150w, https:\/\/help4help.at\/wp-content\/uploads\/2023\/04\/f299257d-30cf-4e15-ad02-ed6d3fb3c025-768x768.jpg 768w, https:\/\/help4help.at\/wp-content\/uploads\/2023\/04\/f299257d-30cf-4e15-ad02-ed6d3fb3c025-12x12.jpg 12w\" sizes=\"auto, (max-width: 800px) 100vw, 800px\" \/><\/figure>\n\n\n\n<h3 class=\"wp-block-heading\">Our focus<\/h3>\n\n\n\n<p>We support qualified personnel, medical professionals, doctors and medical specialists in finding accommodation, registration, placement, managing their documents and integration into the Austrian social system.<\/p>\n<\/div>\n<\/div>\n<\/div>","protected":false},"excerpt":{"rendered":"<p>Unsere Vision Wir m\u00f6chten den Gesundheits- und Pflegeeinrichtungen, sowie mobilen sozialen Diensten, die bestm\u00f6glichen Fachkr\u00e4fte vermitteln bzw. \u00fcberlassen und zeitgleich diese Fachkr\u00e4fte bestm\u00f6glich betreuen. Unsere Vorgehensweise Durch Arbeitskr\u00e4fte\u00fcberlassung vermitteln wir TherapeutInnen, PflegehelferInnen, HeimhelferInnen, diplomiertes Personal, medizinische Fachkr\u00e4fte, \u00c4rzte und Fach\u00e4rzte nach \u00d6sterreich. Unser Fokus Wir unterst\u00fctzen diplomiertes Personal, medizinische Fachkr\u00e4fte, \u00c4rzte und Fach\u00e4rzte bei der &hellip;<\/p>\n<p class=\"read-more\"> <a class=\"\" href=\"https:\/\/help4help.at\/en\/\"> <span class=\"screen-reader-text\">Home<\/span> Read More &raquo;<\/a><\/p>","protected":false},"author":1,"featured_media":0,"parent":0,"menu_order":0,"comment_status":"closed","ping_status":"closed","template":"","meta":{"site-sidebar-layout":"default","site-content-layout":"default","ast-global-header-display":"","ast-main-header-display":"","ast-hfb-above-header-display":"","ast-hfb-below-header-display":"","ast-hfb-mobile-header-display":"","site-post-title":"disabled","ast-breadcrumbs-content":"","ast-featured-img":"","footer-sml-layout":"","theme-transparent-header-meta":"","adv-header-id-meta":"","stick-header-meta":"","header-above-stick-meta":"","header-main-stick-meta":"","header-below-stick-meta":"","footnotes":""},"class_list":["post-67","page","type-page","status-publish","hentry"],"_links":{"self":[{"href":"https:\/\/help4help.at\/en\/wp-json\/wp\/v2\/pages\/67","targetHints":{"allow":["GET"]}}],"collection":[{"href":"https:\/\/help4help.at\/en\/wp-json\/wp\/v2\/pages"}],"about":[{"href":"https:\/\/help4help.at\/en\/wp-json\/wp\/v2\/types\/page"}],"author":[{"embeddable":true,"href":"https:\/\/help4help.at\/en\/wp-json\/wp\/v2\/users\/1"}],"replies":[{"embeddable":true,"href":"https:\/\/help4help.at\/en\/wp-json\/wp\/v2\/comments?post=67"}],"version-history":[{"count":33,"href":"https:\/\/help4help.at\/en\/wp-json\/wp\/v2\/pages\/67\/revisions"}],"predecessor-version":[{"id":456,"href":"https:\/\/help4help.at\/en\/wp-json\/wp\/v2\/pages\/67\/revisions\/456"}],"wp:attachment":[{"href":"https:\/\/help4help.at\/en\/wp-json\/wp\/v2\/media?parent=67"}],"curies":[{"name":"wp","href":"https:\/\/api.w.org\/{rel}","templated":true}]}}