{"id":104,"date":"2023-03-23T13:00:23","date_gmt":"2023-03-23T12:00:23","guid":{"rendered":"http:\/\/wordpress.p638000.webspaceconfig.de\/?page_id=104"},"modified":"2024-05-06T15:02:03","modified_gmt":"2024-05-06T13:02:03","slug":"ueber","status":"publish","type":"page","link":"https:\/\/help4help.at\/hu\/ueber\/","title":{"rendered":"Ueber"},"content":{"rendered":"<div class=\"wp-block-columns is-layout-flex wp-container-core-columns-is-layout-28f84493 wp-block-columns-is-layout-flex\">\n<div class=\"wp-block-column is-layout-flow wp-block-column-is-layout-flow\">\n<figure class=\"wp-block-image size-large\"><img loading=\"lazy\" decoding=\"async\" width=\"1024\" height=\"829\" src=\"http:\/\/wordpress.p638000.webspaceconfig.de\/wp-content\/uploads\/2023\/04\/52d6e072-b6cb-485e-89f1-ed7280eeb098-1024x829.webp\" alt=\"\" class=\"wp-image-190\" srcset=\"https:\/\/help4help.at\/wp-content\/uploads\/2023\/04\/52d6e072-b6cb-485e-89f1-ed7280eeb098-1024x829.webp 1024w, https:\/\/help4help.at\/wp-content\/uploads\/2023\/04\/52d6e072-b6cb-485e-89f1-ed7280eeb098-300x243.webp 300w, https:\/\/help4help.at\/wp-content\/uploads\/2023\/04\/52d6e072-b6cb-485e-89f1-ed7280eeb098-768x622.webp 768w, https:\/\/help4help.at\/wp-content\/uploads\/2023\/04\/52d6e072-b6cb-485e-89f1-ed7280eeb098-15x12.webp 15w, https:\/\/help4help.at\/wp-content\/uploads\/2023\/04\/52d6e072-b6cb-485e-89f1-ed7280eeb098.webp 1440w\" sizes=\"auto, (max-width: 1024px) 100vw, 1024px\" \/><\/figure>\n<\/div>\n\n\n\n<div class=\"wp-block-column is-layout-flow wp-block-column-is-layout-flow\">\n<h1 class=\"wp-block-heading\">R\u00f3lunk<\/h1>\n\n\n\n<p>A Help4Helpn\u00e9l azt a c\u00e9lt t\u0171zt\u00fck ki magunk el\u00e9, hogy folyamatosan jav\u00edtjuk a szakk\u00e9pzett \u00e1pol\u00f3szem\u00e9lyzet, szakorvosok, orvosok \u00e9s szakorvosok elhelyez\u00e9s\u00e9t \u00e9s biztos\u00edt\u00e1s\u00e1t.<\/p>\n\n\n\n<p>Wir bieten mehr als 13 Jahre Erfahrung bei der Vermittlung von medizinischem Personal. Wir bieten zus\u00e4tzlich 30 Jahre Erfahrung im Hospitality Bereich und Personalwesen und sind eine akkreditierte Agentur in Indonesien und auf den Philippinen, unterst\u00fctzt durch unser weltweites Netzwerk.<\/p>\n\n\n\n<p>Daf\u00fcr schlie\u00dfen wir Vertr\u00e4ge mit Instituten ab, die diplomiertes Pflegepersonal, TherapeutInnen, HeimhelferInnen, medizinisches Fachpersonal, \u00c4rzte und Fach\u00e4rzte ausbilden. Die Kooperationen sind l\u00e4nder\u00fcbergreifend und umfassen beispielsweise in der EU: Kroatien, Serbien, Rum\u00e4nien, Polen, Bulgarien, Ungarn und die Slowakei, in Drittstaaten: Philippinen und Indonesien und wird stetig ausgebaut.<\/p>\n\n\n\n<p>T\u00f6bbek k\u00f6z\u00f6tt az \u00e1pol\u00f3szem\u00e9lyzet, eg\u00e9szs\u00e9g\u00fcgyi szakemberek, orvosok \u00e9s szakorvosok t\u00e1mogat\u00e1s\u00e1ra \u00f6sszpontos\u00edtunk a sz\u00e1ll\u00e1skeres\u00e9s \u00e9s az ausztriai regisztr\u00e1ci\u00f3 ter\u00e9n, valamint az Ausztri\u00e1ban t\u00f6rt\u00e9n\u0151 besorol\u00e1shoz sz\u00fcks\u00e9ges dokumentumaik ford\u00edt\u00e1s\u00e1ra. C\u00e9lunk, hogy a munkav\u00e1llal\u00f3kat integr\u00e1ljuk az osztr\u00e1k t\u00e1rsadalombiztos\u00edt\u00e1si rendszerbe \u00e9s a kapcsol\u00f3d\u00f3 ell\u00e1t\u00e1sokba.<\/p>\n<\/div>\n<\/div>","protected":false},"excerpt":{"rendered":"<p>\u00dcber uns Wir als Help4Help, haben es uns als Ziel gesetzt, die Vermittlung bzw. \u00dcberlassung von diplomiertem Pflegepersonal, medizinischem Fachpersonal, \u00c4rzte und Fach\u00e4rzte stetig zu verbessern. Wir bieten mehr als 13 Jahre Erfahrung bei der Vermittlung von medizinischem Personal. Wir bieten zus\u00e4tzlich 30 Jahre Erfahrung im Hospitality Bereich und Personalwesen und sind eine akkreditierte Agentur &hellip;<\/p>\n<p class=\"read-more\"> <a class=\"\" href=\"https:\/\/help4help.at\/hu\/ueber\/\"> <span class=\"screen-reader-text\">Ueber<\/span> Read More &raquo;<\/a><\/p>","protected":false},"author":1,"featured_media":0,"parent":0,"menu_order":0,"comment_status":"closed","ping_status":"closed","template":"","meta":{"site-sidebar-layout":"default","site-content-layout":"default","ast-global-header-display":"","ast-main-header-display":"","ast-hfb-above-header-display":"","ast-hfb-below-header-display":"","ast-hfb-mobile-header-display":"","site-post-title":"disabled","ast-breadcrumbs-content":"","ast-featured-img":"","footer-sml-layout":"","theme-transparent-header-meta":"","adv-header-id-meta":"","stick-header-meta":"","header-above-stick-meta":"","header-main-stick-meta":"","header-below-stick-meta":"","footnotes":""},"class_list":["post-104","page","type-page","status-publish","hentry"],"_links":{"self":[{"href":"https:\/\/help4help.at\/hu\/wp-json\/wp\/v2\/pages\/104","targetHints":{"allow":["GET"]}}],"collection":[{"href":"https:\/\/help4help.at\/hu\/wp-json\/wp\/v2\/pages"}],"about":[{"href":"https:\/\/help4help.at\/hu\/wp-json\/wp\/v2\/types\/page"}],"author":[{"embeddable":true,"href":"https:\/\/help4help.at\/hu\/wp-json\/wp\/v2\/users\/1"}],"replies":[{"embeddable":true,"href":"https:\/\/help4help.at\/hu\/wp-json\/wp\/v2\/comments?post=104"}],"version-history":[{"count":12,"href":"https:\/\/help4help.at\/hu\/wp-json\/wp\/v2\/pages\/104\/revisions"}],"predecessor-version":[{"id":461,"href":"https:\/\/help4help.at\/hu\/wp-json\/wp\/v2\/pages\/104\/revisions\/461"}],"wp:attachment":[{"href":"https:\/\/help4help.at\/hu\/wp-json\/wp\/v2\/media?parent=104"}],"curies":[{"name":"wp","href":"https:\/\/api.w.org\/{rel}","templated":true}]}}