{"id":237,"date":"2023-04-06T16:47:08","date_gmt":"2023-04-06T14:47:08","guid":{"rendered":"http:\/\/wordpress.p638000.webspaceconfig.de\/?page_id=237"},"modified":"2023-04-14T16:50:04","modified_gmt":"2023-04-14T14:50:04","slug":"impressum","status":"publish","type":"page","link":"https:\/\/help4help.at\/pt\/impressum\/","title":{"rendered":"Impress\u00e3o"},"content":{"rendered":"<div class=\"wp-block-group is-vertical is-layout-flex wp-container-core-group-is-layout-fe9cc265 wp-block-group-is-layout-flex\">\n<h2 class=\"wp-block-heading\">Impress\u00e3o<\/h2>\n\n\n\n<p>Help4Help s.r.o.<br>Ra\u010dianska 88 B<br>831 02 Bratislava<\/p>\n\n\n\n<p>Gesch\u00e4ftsf\u00fchrer: Ing. Elisabeth Lischka<br>Umsatzsteuernummer: 2120915863<br>Firmenbuchnummer: 52151972<br>Obchodn\u00fd register Okresn\u00e9ho s\u00fadu Bratislava I<br>Oddiel: Sro<br>Vlo\u017eka \u010d\u00edslo: 134391\/B<\/p>\n\n\n\n<p>Bankverbindung:<br>Help4Help s.r.o.<br>IBAN: SK4302000000004070630751<br>BIC: SUBASKBX<br>Bank: V\u00daB, a.s.<\/p>\n<\/div>","protected":false},"excerpt":{"rendered":"<p>Impressum Help4Help s.r.o.Ra\u010dianska 88 B831 02 Bratislava Gesch\u00e4ftsf\u00fchrer: Ing. Elisabeth LischkaUmsatzsteuernummer: 2120915863Firmenbuchnummer: 52151972Obchodn\u00fd register Okresn\u00e9ho s\u00fadu Bratislava IOddiel: SroVlo\u017eka \u010d\u00edslo: 134391\/B Bankverbindung:Help4Help s.r.o.IBAN: SK4302000000004070630751BIC: SUBASKBXBank: V\u00daB, a.s.<\/p>","protected":false},"author":7,"featured_media":0,"parent":0,"menu_order":0,"comment_status":"closed","ping_status":"closed","template":"","meta":{"site-sidebar-layout":"default","site-content-layout":"default","ast-global-header-display":"","ast-main-header-display":"","ast-hfb-above-header-display":"","ast-hfb-below-header-display":"","ast-hfb-mobile-header-display":"","site-post-title":"disabled","ast-breadcrumbs-content":"","ast-featured-img":"","footer-sml-layout":"","theme-transparent-header-meta":"","adv-header-id-meta":"","stick-header-meta":"","header-above-stick-meta":"","header-main-stick-meta":"","header-below-stick-meta":"","footnotes":""},"class_list":["post-237","page","type-page","status-publish","hentry"],"_links":{"self":[{"href":"https:\/\/help4help.at\/pt\/wp-json\/wp\/v2\/pages\/237","targetHints":{"allow":["GET"]}}],"collection":[{"href":"https:\/\/help4help.at\/pt\/wp-json\/wp\/v2\/pages"}],"about":[{"href":"https:\/\/help4help.at\/pt\/wp-json\/wp\/v2\/types\/page"}],"author":[{"embeddable":true,"href":"https:\/\/help4help.at\/pt\/wp-json\/wp\/v2\/users\/7"}],"replies":[{"embeddable":true,"href":"https:\/\/help4help.at\/pt\/wp-json\/wp\/v2\/comments?post=237"}],"version-history":[{"count":3,"href":"https:\/\/help4help.at\/pt\/wp-json\/wp\/v2\/pages\/237\/revisions"}],"predecessor-version":[{"id":248,"href":"https:\/\/help4help.at\/pt\/wp-json\/wp\/v2\/pages\/237\/revisions\/248"}],"wp:attachment":[{"href":"https:\/\/help4help.at\/pt\/wp-json\/wp\/v2\/media?parent=237"}],"curies":[{"name":"wp","href":"https:\/\/api.w.org\/{rel}","templated":true}]}}