{"id":104,"date":"2023-03-23T13:00:23","date_gmt":"2023-03-23T12:00:23","guid":{"rendered":"http:\/\/wordpress.p638000.webspaceconfig.de\/?page_id=104"},"modified":"2024-05-06T15:02:03","modified_gmt":"2024-05-06T13:02:03","slug":"ueber","status":"publish","type":"page","link":"https:\/\/help4help.at\/ro\/ueber\/","title":{"rendered":"Ueber"},"content":{"rendered":"<div class=\"wp-block-columns is-layout-flex wp-container-core-columns-is-layout-28f84493 wp-block-columns-is-layout-flex\">\n<div class=\"wp-block-column is-layout-flow wp-block-column-is-layout-flow\">\n<figure class=\"wp-block-image size-large\"><img loading=\"lazy\" decoding=\"async\" width=\"1024\" height=\"829\" src=\"http:\/\/wordpress.p638000.webspaceconfig.de\/wp-content\/uploads\/2023\/04\/52d6e072-b6cb-485e-89f1-ed7280eeb098-1024x829.webp\" alt=\"\" class=\"wp-image-190\" srcset=\"https:\/\/help4help.at\/wp-content\/uploads\/2023\/04\/52d6e072-b6cb-485e-89f1-ed7280eeb098-1024x829.webp 1024w, https:\/\/help4help.at\/wp-content\/uploads\/2023\/04\/52d6e072-b6cb-485e-89f1-ed7280eeb098-300x243.webp 300w, https:\/\/help4help.at\/wp-content\/uploads\/2023\/04\/52d6e072-b6cb-485e-89f1-ed7280eeb098-768x622.webp 768w, https:\/\/help4help.at\/wp-content\/uploads\/2023\/04\/52d6e072-b6cb-485e-89f1-ed7280eeb098-15x12.webp 15w, https:\/\/help4help.at\/wp-content\/uploads\/2023\/04\/52d6e072-b6cb-485e-89f1-ed7280eeb098.webp 1440w\" sizes=\"auto, (max-width: 1024px) 100vw, 1024px\" \/><\/figure>\n<\/div>\n\n\n\n<div class=\"wp-block-column is-layout-flow wp-block-column-is-layout-flow\">\n<h1 class=\"wp-block-heading\">Despre noi<\/h1>\n\n\n\n<p>La Help4Help, ne-am propus s\u0103 \u00eembun\u0103t\u0103\u021bim \u00een mod constant plasarea \u0219i furnizarea de personal calificat de asisten\u021b\u0103 medical\u0103, medici speciali\u0219ti, doctori \u0219i medici speciali\u0219ti.<\/p>\n\n\n\n<p>Oferim mai mult de 13 ani de experien\u021b\u0103 \u00een recrutarea de personal medical. Oferim al\u021bi 30 de ani de experien\u021b\u0103 \u00een domeniul ospitalit\u0103\u021bii \u0219i al recrut\u0103rii \u0219i suntem o agen\u021bie acreditat\u0103 \u00een Indonezia \u0219i Filipine, sus\u021binut\u0103 de re\u021beaua noastr\u0103 global\u0103.<\/p>\n\n\n\n<p>\u00cen acest scop, \u00eencheiem contracte cu institute care preg\u0103tesc personal calificat de asisten\u021b\u0103 medical\u0103, terapeu\u021bi, asisten\u021bi la domiciliu, medici speciali\u0219ti, doctori \u0219i medici speciali\u0219ti. Parteneriatele sunt transna\u021bionale \u0219i includ, de exemplu, \u00een UE: Croa\u021bia, Serbia, Rom\u00e2nia, Polonia, Bulgaria, Ungaria \u0219i Slovacia, \u00een \u021b\u0103ri ter\u021be: Filipine \u0219i Indonezia \u0219i este \u00een continu\u0103 extindere.<\/p>\n\n\n\n<p>Printre altele, ne concentr\u0103m pe sprijinirea personalului medical, a cadrelor medicale, a medicilor \u0219i a speciali\u0219tilor din domeniul medical \u00een g\u0103sirea unei locuin\u021be \u0219i \u00een \u00eenregistrarea \u00een Austria, precum \u0219i \u00een traducerea documentelor lor pentru clasificarea \u00een Austria. Scopul nostru este de a integra angaja\u021bii \u00een sistemul austriac de securitate social\u0103 \u0219i \u00een toate beneficiile asociate.<\/p>\n<\/div>\n<\/div>","protected":false},"excerpt":{"rendered":"<p>\u00dcber uns Wir als Help4Help, haben es uns als Ziel gesetzt, die Vermittlung bzw. \u00dcberlassung von diplomiertem Pflegepersonal, medizinischem Fachpersonal, \u00c4rzte und Fach\u00e4rzte stetig zu verbessern. Wir bieten mehr als 13 Jahre Erfahrung bei der Vermittlung von medizinischem Personal. Wir bieten zus\u00e4tzlich 30 Jahre Erfahrung im Hospitality Bereich und Personalwesen und sind eine akkreditierte Agentur &hellip;<\/p>\n<p class=\"read-more\"> <a class=\"\" href=\"https:\/\/help4help.at\/ro\/ueber\/\"> <span class=\"screen-reader-text\">Ueber<\/span> Read More &raquo;<\/a><\/p>","protected":false},"author":1,"featured_media":0,"parent":0,"menu_order":0,"comment_status":"closed","ping_status":"closed","template":"","meta":{"site-sidebar-layout":"default","site-content-layout":"default","ast-global-header-display":"","ast-main-header-display":"","ast-hfb-above-header-display":"","ast-hfb-below-header-display":"","ast-hfb-mobile-header-display":"","site-post-title":"disabled","ast-breadcrumbs-content":"","ast-featured-img":"","footer-sml-layout":"","theme-transparent-header-meta":"","adv-header-id-meta":"","stick-header-meta":"","header-above-stick-meta":"","header-main-stick-meta":"","header-below-stick-meta":"","footnotes":""},"class_list":["post-104","page","type-page","status-publish","hentry"],"_links":{"self":[{"href":"https:\/\/help4help.at\/ro\/wp-json\/wp\/v2\/pages\/104","targetHints":{"allow":["GET"]}}],"collection":[{"href":"https:\/\/help4help.at\/ro\/wp-json\/wp\/v2\/pages"}],"about":[{"href":"https:\/\/help4help.at\/ro\/wp-json\/wp\/v2\/types\/page"}],"author":[{"embeddable":true,"href":"https:\/\/help4help.at\/ro\/wp-json\/wp\/v2\/users\/1"}],"replies":[{"embeddable":true,"href":"https:\/\/help4help.at\/ro\/wp-json\/wp\/v2\/comments?post=104"}],"version-history":[{"count":12,"href":"https:\/\/help4help.at\/ro\/wp-json\/wp\/v2\/pages\/104\/revisions"}],"predecessor-version":[{"id":461,"href":"https:\/\/help4help.at\/ro\/wp-json\/wp\/v2\/pages\/104\/revisions\/461"}],"wp:attachment":[{"href":"https:\/\/help4help.at\/ro\/wp-json\/wp\/v2\/media?parent=104"}],"curies":[{"name":"wp","href":"https:\/\/api.w.org\/{rel}","templated":true}]}}