{"id":106,"date":"2023-03-23T13:00:23","date_gmt":"2023-03-23T12:00:23","guid":{"rendered":"http:\/\/wordpress.p638000.webspaceconfig.de\/?page_id=106"},"modified":"2024-05-06T15:37:48","modified_gmt":"2024-05-06T13:37:48","slug":"dienstleistungen","status":"publish","type":"page","link":"https:\/\/help4help.at\/ro\/dienstleistungen\/","title":{"rendered":"Servicii"},"content":{"rendered":"<div class=\"wp-block-columns has-white-background-color has-background is-layout-flex wp-container-core-columns-is-layout-28f84493 wp-block-columns-is-layout-flex\">\n<div class=\"wp-block-column is-vertically-aligned-top is-layout-flow wp-block-column-is-layout-flow\">\n<!-- Slideshow container -->\n<div class=\"slideshow-container\">\n\n  <!-- Full-width images with number and caption text -->\n  <div class=\"mySlides fade\">\n    <img decoding=\"async\" src=\"\/wp-content\/uploads\/2024\/05\/b1.jpg\" style=\"width:100%\">\n  <\/div>\n\n  <div class=\"mySlides fade\">\n    <img decoding=\"async\" src=\"\/wp-content\/uploads\/2024\/05\/b2.jpg\" style=\"width:100%\">\n  <\/div>\n\n<\/div>\n<\/div>\n\n\n\n<div class=\"wp-block-column is-layout-flow wp-block-column-is-layout-flow\">\n<h1 class=\"wp-block-heading\">Servicii<\/h1>\n\n\n\n<p>Nu oferim solu\u021bii standard. Pentru c\u0103 \u0219tim c\u0103: Fiecare caz este diferit.&nbsp;<\/p>\n\n\n\n<p>Prin urmare, oferim personalului calificat de asisten\u021b\u0103 medical\u0103, speciali\u0219tilor \u00een medicin\u0103, medicilor \u0219i speciali\u0219tilor \u00een medicin\u0103 posibilitatea de a se angaja pentru a se integra \u00een sistemul social austriac.<\/p>\n\n\n\n<ul class=\"wp-block-list\">\n<li>\u00cengrijitorii \u0219i profesioni\u0219tii din domeniul s\u0103n\u0103t\u0103\u021bii nu trebuie s\u0103 se \u00eenregistreze la noi ca lucr\u0103tori independen\u021bi.<\/li>\n\n\n\n<li>\u00cei \u00eendrum\u0103m c\u0103tre centrele de s\u0103n\u0103tate \u0219i \u00eengrijire \u0219i c\u0103tre serviciile sociale mobile.\u00a0<\/li>\n\n\n\n<li>Angajarea permite integrarea \u00een \u021besutul social austriac \u0219i, prin urmare, angajatul nostru prime\u0219te indemniza\u021bii de \u0219omaj, 14 salarii, o asigurare adecvat\u0103 \u0219i diverse alte beneficii ale companiei.<\/li>\n\n\n\n<li>Oferim, de asemenea, un management cuprinz\u0103tor al integr\u0103rii \u00een opera\u021biunile de zi cu zi ale clientului nostru, precum \u0219i \u00een mediul social al personalului nostru specializat plasat sau \u00eenchiriat.<\/li>\n<\/ul>\n\n\n\n<p><strong>Acest lucru \u00eenseamn\u0103 pentru plasarea sau transferul din UE:<\/strong><\/p>\n\n\n\n<ul class=\"wp-block-list\">\n<li>Examinarea \u0219i preselec\u021bia candida\u021bilor potrivi\u021bi \u00een domeniul respectiv\n<ul class=\"wp-block-list\">\n<li>Achizi\u021bii \u0219i calific\u0103ri \u00een conformitate cu specifica\u021biile clientului<\/li>\n\n\n\n<li>Gestionarea tuturor activit\u0103\u021bilor administrative \u00een domeniul recrut\u0103rii\u00a0\u00a0\u00a0\u00a0\u00a0<\/li>\n\n\n\n<li>Sprijin pentru personalul medical, cadrele medicale, medicii \u0219i speciali\u0219tii din domeniul medical \u00een ceea ce prive\u0219te g\u0103sirea unei locuin\u021be, \u00eenregistrarea, plasarea \u0219i gestionarea documentelor lor \u00een Austria<\/li>\n<\/ul>\n<\/li>\n\n\n\n<li>Integrarea \u00een sistemul social austriac<\/li>\n<\/ul>\n\n\n\n<p><strong>Acest lucru \u00eenseamn\u0103 mediere din partea unor \u021b\u0103ri ter\u021be:<\/strong><\/p>\n\n\n\n<ul class=\"wp-block-list\">\n<li>Examinarea \u0219i preselec\u021bia candida\u021bilor potrivi\u021bi \u00een domeniul respectiv\n<ul class=\"wp-block-list\">\n<li>Achizi\u021bii \u0219i calific\u0103ri \u00een conformitate cu specifica\u021biile clientului<\/li>\n\n\n\n<li>Interviul ini\u021bial \u0219i interviul de angajare (\u00eentreb\u0103ri de confirmare privind informa\u021biile din CV, experien\u021ba profesional\u0103, competen\u021bele)<\/li>\n<\/ul>\n<\/li>\n\n\n\n<li>Verific\u0103ri de antecedente\n<ul class=\"wp-block-list\">\n<li>Ne asigur\u0103m c\u0103 to\u021bi noii angaja\u021bi ai clientului au trecut un examen medical.<\/li>\n\n\n\n<li>Un medic calificat \u0219i acreditat certific\u0103 faptul c\u0103 candidatul este apt \u0219i dedicat sarcinilor care \u00eei sunt atribuite \u0219i c\u0103 de\u021bine certificate medicale valabile \u0219i toate imuniz\u0103rile necesare<\/li>\n<\/ul>\n<\/li>\n\n\n\n<li>Gestionarea tuturor activit\u0103\u021bilor administrative \u00een domeniul recrut\u0103rii \u0219i al vizelor\n<ul class=\"wp-block-list\">\n<li>Interfa\u021ba \u00eentre viitorii angajatori \u0219i agen\u021biile din regiunea asiatic\u0103<\/li>\n\n\n\n<li>Procurarea tuturor documentelor relevante pentru procesul de ob\u021binere a vizelor<\/li>\n\n\n\n<li>Nostrificare pentru programul de diplom\u0103 \u00een medicin\u0103 uman\u0103, \u00een coordonare cu Asocia\u021bia Medical\u0103 Austriac\u0103 \u0219i Universitatea de Medicin\u0103 din Viena<\/li>\n\n\n\n<li>Cursuri de limba german\u0103 p\u00e2n\u0103 la certificarea de nivel C1 Institutul Goethe (cu sprijinul Ambasadei Germaniei)<\/li>\n\n\n\n<li>Planificare \u0219i asisten\u021b\u0103 \u00eenainte \u0219i dup\u0103 desf\u0103\u0219urare<\/li>\n\n\n\n<li>Sprijin \u00een preg\u0103tirea documentelor \u0219i a cerin\u021belor de conformitate pentru autorit\u0103\u021bile indoneziene \u0219i filipineze<\/li>\n<\/ul>\n<\/li>\n\n\n\n<li>Sprijin pentru cadrele medicale, medici \u0219i speciali\u0219ti \u00een g\u0103sirea unei locuin\u021be, \u00eenregistrarea, plasarea \u0219i gestionarea documentelor lor \u00een Austria<\/li>\n\n\n\n<li>Integrarea \u00een sistemul social austriac\n<ul class=\"wp-block-list\">\n<li>Punct de contact pentru to\u021bi angaja\u021bii plasa\u021bi<\/li>\n\n\n\n<li>Asisten\u021b\u0103 pentru o integrare u\u0219oar\u0103 \u00een societatea austriac\u0103<\/li>\n\n\n\n<li>Organizarea de mese de regularitate \u0219i evenimente culturale<\/li>\n<\/ul>\n<\/li>\n<\/ul>\n\n\n\n<p><strong>\u00ceMPREUN\u0102 CU NOI CRE\u0102M O U\u0218URARE \u00ceN SISTEMUL DE S\u0102N\u0102TATE<\/strong><\/p>\n\n\n\n<p>Ave\u021bi \u00eentreb\u0103ri suplimentare cu privire la sprijinul personalului de \u00eengrijire calificat sau al medicilor speciali\u0219ti?<\/p>\n\n\n\n<p><strong>V\u0103 rug\u0103m s\u0103 nu ezita\u021bi s\u0103 ne contacta\u021bi.<\/strong><\/p>\n<\/div>\n<\/div>","protected":false},"excerpt":{"rendered":"<p>Unsere Leistungen Wir bieten keine Standardl\u00f6sungen. Denn wir wissen: Jeder Fall ist anders.&nbsp; Deshalb bieten wir diplomierten Pflegekr\u00e4ften, medizinischem Fachpersonal, \u00c4rzte und Fach\u00e4rzte die M\u00f6glichkeit einer Anstellung, um sie in das \u00f6sterreichische Sozialsystem einzugliedern. Das bedeutet f\u00fcr die Vermittlung oder \u00dcberlassung aus der EU: Das bedeutet f\u00fcr die Vermittlung aus den Drittstaaten: MIT UNS SCHAFFEN &hellip;<\/p>\n<p class=\"read-more\"> <a class=\"\" href=\"https:\/\/help4help.at\/ro\/dienstleistungen\/\"> <span class=\"screen-reader-text\">Servicii<\/span> Read More &raquo;<\/a><\/p>","protected":false},"author":1,"featured_media":0,"parent":0,"menu_order":0,"comment_status":"closed","ping_status":"closed","template":"","meta":{"site-sidebar-layout":"default","site-content-layout":"default","ast-global-header-display":"","ast-main-header-display":"","ast-hfb-above-header-display":"","ast-hfb-below-header-display":"","ast-hfb-mobile-header-display":"","site-post-title":"disabled","ast-breadcrumbs-content":"","ast-featured-img":"","footer-sml-layout":"","theme-transparent-header-meta":"","adv-header-id-meta":"","stick-header-meta":"","header-above-stick-meta":"","header-main-stick-meta":"","header-below-stick-meta":"","footnotes":""},"class_list":["post-106","page","type-page","status-publish","hentry"],"_links":{"self":[{"href":"https:\/\/help4help.at\/ro\/wp-json\/wp\/v2\/pages\/106","targetHints":{"allow":["GET"]}}],"collection":[{"href":"https:\/\/help4help.at\/ro\/wp-json\/wp\/v2\/pages"}],"about":[{"href":"https:\/\/help4help.at\/ro\/wp-json\/wp\/v2\/types\/page"}],"author":[{"embeddable":true,"href":"https:\/\/help4help.at\/ro\/wp-json\/wp\/v2\/users\/1"}],"replies":[{"embeddable":true,"href":"https:\/\/help4help.at\/ro\/wp-json\/wp\/v2\/comments?post=106"}],"version-history":[{"count":19,"href":"https:\/\/help4help.at\/ro\/wp-json\/wp\/v2\/pages\/106\/revisions"}],"predecessor-version":[{"id":464,"href":"https:\/\/help4help.at\/ro\/wp-json\/wp\/v2\/pages\/106\/revisions\/464"}],"wp:attachment":[{"href":"https:\/\/help4help.at\/ro\/wp-json\/wp\/v2\/media?parent=106"}],"curies":[{"name":"wp","href":"https:\/\/api.w.org\/{rel}","templated":true}]}}