{"id":139,"date":"2023-03-23T14:48:39","date_gmt":"2023-03-23T13:48:39","guid":{"rendered":"http:\/\/wordpress.p638000.webspaceconfig.de\/?page_id=139"},"modified":"2023-04-14T17:09:54","modified_gmt":"2023-04-14T15:09:54","slug":"kontakt","status":"publish","type":"page","link":"https:\/\/help4help.at\/ro\/kontakt\/","title":{"rendered":"Contact"},"content":{"rendered":"<div class=\"wp-block-group is-vertical is-content-justification-center is-layout-flex wp-container-core-group-is-layout-ce155fab wp-block-group-is-layout-flex\">\n<h1 class=\"wp-block-heading has-text-align-center\">Dori\u021bi s\u0103 ne aplica\u021bi, sa lucrati impreuna cu noi?<\/h1>\n\n\n\n<p class=\"has-text-align-center translation-block\">V\u0103 rug\u0103m s\u0103 ne trimite\u021bi un e-mail la <strong>office@help4help.at<\/strong>,\nv\u0103 rug\u0103m s\u0103 ne furniza\u021bi urm\u0103toarele date \u0219i documente:\n<br><br>\n\u27a2 adresa dvs. de e-mail-<br>\n\u27a2 num\u0103rul dvs. de telefon-<br>\n\u27a2 na\u021bionalitatea dumneavoastr\u0103-<br>\n\u27a2 un curriculum vitae<br>\n<br>\nDac\u0103 ave\u021bi orice alte \u00eentreb\u0103ri sau sugestii cu privire la serviciile noastre sau site-ul\nnostru web, v\u0103 rug\u0103m s\u0103 utiliza\u021bi formularul de contact de mai jos.\n<br><br>\nV\u0103 mul\u021bumim.<\/p>\n<\/div>\n\n\n\n<div class=\"wp-block-columns alignfull has-background is-layout-flex wp-container-core-columns-is-layout-28f84493 wp-block-columns-is-layout-flex\" style=\"background-color:#f9fafb\">\n<div class=\"wp-block-column has-background is-layout-flow wp-block-column-is-layout-flow\" style=\"background-color:#ffffff00\"><style id=\"wpforms-css-vars-root\">\n\t\t\t\t:root {\n\t\t\t\t\t--wpforms-field-border-radius: 3px;\n--wpforms-field-border-style: solid;\n--wpforms-field-border-size: 1px;\n--wpforms-field-background-color: #ffffff;\n--wpforms-field-border-color: rgba( 0, 0, 0, 0.25 );\n--wpforms-field-border-color-spare: rgba( 0, 0, 0, 0.25 );\n--wpforms-field-text-color: rgba( 0, 0, 0, 0.7 );\n--wpforms-field-menu-color: #ffffff;\n--wpforms-label-color: rgba( 0, 0, 0, 0.85 );\n--wpforms-label-sublabel-color: rgba( 0, 0, 0, 0.55 );\n--wpforms-label-error-color: #d63637;\n--wpforms-button-border-radius: 3px;\n--wpforms-button-border-style: none;\n--wpforms-button-border-size: 1px;\n--wpforms-button-background-color: #066aab;\n--wpforms-button-border-color: #066aab;\n--wpforms-button-text-color: #ffffff;\n--wpforms-page-break-color: #066aab;\n--wpforms-background-image: none;\n--wpforms-background-position: center center;\n--wpforms-background-repeat: no-repeat;\n--wpforms-background-size: cover;\n--wpforms-background-width: 100px;\n--wpforms-background-height: 100px;\n--wpforms-background-color: rgba( 0, 0, 0, 0 );\n--wpforms-background-url: none;\n--wpforms-container-padding: 0px;\n--wpforms-container-border-style: none;\n--wpforms-container-border-width: 1px;\n--wpforms-container-border-color: #000000;\n--wpforms-container-border-radius: 3px;\n--wpforms-field-size-input-height: 43px;\n--wpforms-field-size-input-spacing: 15px;\n--wpforms-field-size-font-size: 16px;\n--wpforms-field-size-line-height: 19px;\n--wpforms-field-size-padding-h: 14px;\n--wpforms-field-size-checkbox-size: 16px;\n--wpforms-field-size-sublabel-spacing: 5px;\n--wpforms-field-size-icon-size: 1;\n--wpforms-label-size-font-size: 16px;\n--wpforms-label-size-line-height: 19px;\n--wpforms-label-size-sublabel-font-size: 14px;\n--wpforms-label-size-sublabel-line-height: 17px;\n--wpforms-button-size-font-size: 17px;\n--wpforms-button-size-height: 41px;\n--wpforms-button-size-padding-h: 15px;\n--wpforms-button-size-margin-top: 10px;\n--wpforms-container-shadow-size-box-shadow: none;\n\n\t\t\t\t}\n\t\t\t<\/style><style id=\"wpforms-css-vars-195-block-0a2fd786-da5a-4e4e-b3d1-8240861a480f\">\n\t\t\t\t#wpforms-195.wpforms-block-0a2fd786-da5a-4e4e-b3d1-8240861a480f {\n\t\t\t\t\t--wpforms-field-background-color: var(--ast-global-color-5);\n--wpforms-button-background-color: var(--ast-global-color-0);\n\n\t\t\t\t}\n\t\t\t<\/style><div class=\"wpforms-container wpforms-container-full wpforms-block wpforms-block-0a2fd786-da5a-4e4e-b3d1-8240861a480f wpforms-render-modern\" id=\"wpforms-195\"><form id=\"wpforms-form-195\" class=\"wpforms-validate wpforms-form wpforms-ajax-form\" data-formid=\"195\" method=\"post\" enctype=\"multipart\/form-data\" action=\"\/ro\/wp-json\/wp\/v2\/pages\/139\" data-token=\"f479e2df69e142c8d2a241fc8bc270de\" data-token-time=\"1777609092\" data-trp-original-action=\"\/ro\/wp-json\/wp\/v2\/pages\/139\"><div class=\"wpforms-head-container\"><div class=\"wpforms-title\">Formular de contact<\/div><\/div><noscript class=\"wpforms-error-noscript\">Please enable JavaScript in your browser to complete this form.<\/noscript><div class=\"wpforms-hidden\" id=\"wpforms-error-noscript\">Please enable JavaScript in your browser to complete this form.<\/div><div class=\"wpforms-field-container\"><div id=\"wpforms-195-field_0-container\" class=\"wpforms-field wpforms-field-name\" data-field-id=\"0\"><fieldset><legend class=\"wpforms-field-label\">Nume <span class=\"wpforms-required-label\" aria-hidden=\"true\">*<\/span><\/legend><div class=\"wpforms-field-row wpforms-field-medium\"><div class=\"wpforms-field-row-block wpforms-first wpforms-one-half\"><input type=\"text\" id=\"wpforms-195-field_0\" class=\"wpforms-field-name-first wpforms-field-required\" name=\"wpforms[fields][0][first]\" aria-errormessage=\"wpforms-195-field_0-error\" required><label for=\"wpforms-195-field_0\" class=\"wpforms-field-sublabel after\">First<\/label><\/div><div class=\"wpforms-field-row-block wpforms-one-half\"><input type=\"text\" id=\"wpforms-195-field_0-last\" class=\"wpforms-field-name-last wpforms-field-required\" name=\"wpforms[fields][0][last]\" aria-errormessage=\"wpforms-195-field_0-last-error\" required><label for=\"wpforms-195-field_0-last\" class=\"wpforms-field-sublabel after\">Last<\/label><\/div><\/div><\/fieldset><\/div><div id=\"wpforms-195-field_4-container\" class=\"wpforms-field wpforms-field-text\" data-field-id=\"4\"><label class=\"wpforms-field-label\" for=\"wpforms-195-field_4\">Telefon <span class=\"wpforms-required-label\" aria-hidden=\"true\">*<\/span><\/label><input type=\"text\" id=\"wpforms-195-field_4\" class=\"wpforms-field-medium wpforms-field-required\" name=\"wpforms[fields][4]\" aria-errormessage=\"wpforms-195-field_4-error\" required><\/div><div id=\"wpforms-195-field_1-container\" class=\"wpforms-field wpforms-field-email\" data-field-id=\"1\"><label class=\"wpforms-field-label\" for=\"wpforms-195-field_1\">E-mail <span class=\"wpforms-required-label\" aria-hidden=\"true\">*<\/span><\/label><input type=\"email\" id=\"wpforms-195-field_1\" class=\"wpforms-field-medium wpforms-field-required\" name=\"wpforms[fields][1]\" spellcheck=\"false\" aria-errormessage=\"wpforms-195-field_1-error\" required><\/div><div id=\"wpforms-195-field_2-container\" class=\"wpforms-field wpforms-field-textarea\" data-field-id=\"2\"><label class=\"wpforms-field-label\" for=\"wpforms-195-field_2\">Comentariu sau mesaj<\/label><textarea id=\"wpforms-195-field_2\" class=\"wpforms-field-medium\" name=\"wpforms[fields][2]\" aria-errormessage=\"wpforms-195-field_2-error\" ><\/textarea><\/div><\/div><!-- .wpforms-field-container --><div class=\"wpforms-submit-container\" ><input type=\"hidden\" name=\"wpforms[id]\" value=\"195\"><input type=\"hidden\" name=\"page_title\" value=\"\"><input type=\"hidden\" name=\"page_url\" value=\"https:\/\/help4help.at\/ro\/wp-json\/wp\/v2\/pages\/139\"><button type=\"submit\" name=\"wpforms[submit]\" id=\"wpforms-submit-195\" class=\"wpforms-submit\" data-alt-text=\"Senden\u2026\" data-submit-text=\"Absenden\" aria-live=\"assertive\" value=\"wpforms-submit\">Trimite\u021bi<\/button><img loading=\"lazy\" decoding=\"async\" src=\"https:\/\/help4help.at\/wp-content\/plugins\/wpforms-lite\/assets\/images\/submit-spin.svg\" class=\"wpforms-submit-spinner\" style=\"display: none;\" width=\"26\" height=\"26\" alt=\"Loading\"><\/div><input type=\"hidden\" name=\"trp-form-language\" value=\"ro\"\/><\/form><\/div>  <!-- .wpforms-container --><\/div>\n<\/div>","protected":false},"excerpt":{"rendered":"<p>Sie wollen sich bei uns bewerben? Im Falle einer Bewerbung senden Sie uns bitte eine E-Mail an\u00a0office@help4help.at \u00dcbermitteln Sie uns dazu bitte folgende Daten und Unterlagen:&#8211; Ihre E-Mail-Adresse&#8211; Ihre Telefonnummer&#8211; Ihre Nationalit\u00e4t&#8211; Einen Lebenslauf mit Foto&#8211; Ihr Diplom Sollten Sie sonstige Fragen oder Anregungen zu unseren Leistungen oder unserer Website haben, verwenden Sie bitte unten &hellip;<\/p>\n<p class=\"read-more\"> <a class=\"\" href=\"https:\/\/help4help.at\/ro\/kontakt\/\"> <span class=\"screen-reader-text\">Contact<\/span> Read More &raquo;<\/a><\/p>","protected":false},"author":1,"featured_media":0,"parent":0,"menu_order":0,"comment_status":"closed","ping_status":"closed","template":"","meta":{"site-sidebar-layout":"default","site-content-layout":"default","ast-global-header-display":"","ast-main-header-display":"","ast-hfb-above-header-display":"","ast-hfb-below-header-display":"","ast-hfb-mobile-header-display":"","site-post-title":"disabled","ast-breadcrumbs-content":"","ast-featured-img":"","footer-sml-layout":"","theme-transparent-header-meta":"","adv-header-id-meta":"","stick-header-meta":"","header-above-stick-meta":"","header-main-stick-meta":"","header-below-stick-meta":"","footnotes":""},"class_list":["post-139","page","type-page","status-publish","hentry"],"_links":{"self":[{"href":"https:\/\/help4help.at\/ro\/wp-json\/wp\/v2\/pages\/139","targetHints":{"allow":["GET"]}}],"collection":[{"href":"https:\/\/help4help.at\/ro\/wp-json\/wp\/v2\/pages"}],"about":[{"href":"https:\/\/help4help.at\/ro\/wp-json\/wp\/v2\/types\/page"}],"author":[{"embeddable":true,"href":"https:\/\/help4help.at\/ro\/wp-json\/wp\/v2\/users\/1"}],"replies":[{"embeddable":true,"href":"https:\/\/help4help.at\/ro\/wp-json\/wp\/v2\/comments?post=139"}],"version-history":[{"count":11,"href":"https:\/\/help4help.at\/ro\/wp-json\/wp\/v2\/pages\/139\/revisions"}],"predecessor-version":[{"id":249,"href":"https:\/\/help4help.at\/ro\/wp-json\/wp\/v2\/pages\/139\/revisions\/249"}],"wp:attachment":[{"href":"https:\/\/help4help.at\/ro\/wp-json\/wp\/v2\/media?parent=139"}],"curies":[{"name":"wp","href":"https:\/\/api.w.org\/{rel}","templated":true}]}}