{"id":104,"date":"2023-03-23T13:00:23","date_gmt":"2023-03-23T12:00:23","guid":{"rendered":"http:\/\/wordpress.p638000.webspaceconfig.de\/?page_id=104"},"modified":"2024-05-06T15:02:03","modified_gmt":"2024-05-06T13:02:03","slug":"ueber","status":"publish","type":"page","link":"https:\/\/help4help.at\/sk\/ueber\/","title":{"rendered":"Ueber"},"content":{"rendered":"<div class=\"wp-block-columns is-layout-flex wp-container-core-columns-is-layout-28f84493 wp-block-columns-is-layout-flex\">\n<div class=\"wp-block-column is-layout-flow wp-block-column-is-layout-flow\">\n<figure class=\"wp-block-image size-large\"><img loading=\"lazy\" decoding=\"async\" width=\"1024\" height=\"829\" src=\"http:\/\/wordpress.p638000.webspaceconfig.de\/wp-content\/uploads\/2023\/04\/52d6e072-b6cb-485e-89f1-ed7280eeb098-1024x829.webp\" alt=\"\" class=\"wp-image-190\" srcset=\"https:\/\/help4help.at\/wp-content\/uploads\/2023\/04\/52d6e072-b6cb-485e-89f1-ed7280eeb098-1024x829.webp 1024w, https:\/\/help4help.at\/wp-content\/uploads\/2023\/04\/52d6e072-b6cb-485e-89f1-ed7280eeb098-300x243.webp 300w, https:\/\/help4help.at\/wp-content\/uploads\/2023\/04\/52d6e072-b6cb-485e-89f1-ed7280eeb098-768x622.webp 768w, https:\/\/help4help.at\/wp-content\/uploads\/2023\/04\/52d6e072-b6cb-485e-89f1-ed7280eeb098-15x12.webp 15w, https:\/\/help4help.at\/wp-content\/uploads\/2023\/04\/52d6e072-b6cb-485e-89f1-ed7280eeb098.webp 1440w\" sizes=\"auto, (max-width: 1024px) 100vw, 1024px\" \/><\/figure>\n<\/div>\n\n\n\n<div class=\"wp-block-column is-layout-flow wp-block-column-is-layout-flow\">\n<h1 class=\"wp-block-heading\">O n\u00e1s<\/h1>\n\n\n\n<p>V spolo\u010dnosti Help4Help sme si stanovili cie\u013e neust\u00e1le zlep\u0161ova\u0165 umiest\u0148ovanie a poskytovanie kvalifikovan\u00e9ho o\u0161etrovate\u013esk\u00e9ho person\u00e1lu, zdravotn\u00edckych \u0161pecialistov, lek\u00e1rov a lek\u00e1rskych odborn\u00edkov.<\/p>\n\n\n\n<p>M\u00e1me viac ako 13 rokov sk\u00fasenost\u00ed s n\u00e1borom pracovn\u00edkov v zdravotn\u00edctve. Pon\u00fakame \u010fal\u0161\u00edch 30 rokov sk\u00fasenost\u00ed v oblasti hotelierstva a n\u00e1boru a sme akreditovanou agent\u00farou v Indon\u00e9zii a na Filip\u00ednach, ktor\u00fa podporuje na\u0161a glob\u00e1lna sie\u0165.<\/p>\n\n\n\n<p>Na tento \u00fa\u010del uzatv\u00e1rame zmluvy s in\u0161tit\u00faciami, ktor\u00e9 pripravuj\u00fa kvalifikovan\u00fd o\u0161etrovate\u013esk\u00fd person\u00e1l, terapeutov, dom\u00e1cich pomocn\u00edkov, zdravotn\u00edckych pracovn\u00edkov, lek\u00e1rov a \u0161pecialistov. Partnerstv\u00e1 s\u00fa nadn\u00e1rodn\u00e9 a zah\u0155\u0148aj\u00fa napr\u00edklad v E\u00da: Chorv\u00e1tsko, Srbsko, Rumunsko, Po\u013esko, Bulharsko, Ma\u010farsko a Slovensko, v tret\u00edch krajin\u00e1ch: a Indon\u00e9zii a neust\u00e1le sa roz\u0161iruje.<\/p>\n\n\n\n<p>Okrem in\u00e9ho sa zameriavame na podporu o\u0161etrovate\u013esk\u00e9ho person\u00e1lu, zdravotn\u00edckych pracovn\u00edkov, lek\u00e1rov a lek\u00e1rskych \u0161pecialistov pri h\u013eadan\u00ed ubytovania a registr\u00e1cii v Rak\u00fasku a na preklad ich dokumentov na \u00fa\u010dely zaradenia do Rak\u00faska. Na\u0161\u00edm cie\u013eom je integrova\u0165 zamestnancov do rak\u00faskeho syst\u00e9mu soci\u00e1lneho zabezpe\u010denia a v\u0161etk\u00fdch s\u00favisiacich v\u00fdhod.<\/p>\n<\/div>\n<\/div>","protected":false},"excerpt":{"rendered":"<p>\u00dcber uns Wir als Help4Help, haben es uns als Ziel gesetzt, die Vermittlung bzw. \u00dcberlassung von diplomiertem Pflegepersonal, medizinischem Fachpersonal, \u00c4rzte und Fach\u00e4rzte stetig zu verbessern. Wir bieten mehr als 13 Jahre Erfahrung bei der Vermittlung von medizinischem Personal. Wir bieten zus\u00e4tzlich 30 Jahre Erfahrung im Hospitality Bereich und Personalwesen und sind eine akkreditierte Agentur &hellip;<\/p>\n<p class=\"read-more\"> <a class=\"\" href=\"https:\/\/help4help.at\/sk\/ueber\/\"> <span class=\"screen-reader-text\">Ueber<\/span> \u010c\u00edtajte viac &raquo;<\/a><\/p>","protected":false},"author":1,"featured_media":0,"parent":0,"menu_order":0,"comment_status":"closed","ping_status":"closed","template":"","meta":{"site-sidebar-layout":"default","site-content-layout":"default","ast-global-header-display":"","ast-main-header-display":"","ast-hfb-above-header-display":"","ast-hfb-below-header-display":"","ast-hfb-mobile-header-display":"","site-post-title":"disabled","ast-breadcrumbs-content":"","ast-featured-img":"","footer-sml-layout":"","theme-transparent-header-meta":"","adv-header-id-meta":"","stick-header-meta":"","header-above-stick-meta":"","header-main-stick-meta":"","header-below-stick-meta":"","footnotes":""},"class_list":["post-104","page","type-page","status-publish","hentry"],"_links":{"self":[{"href":"https:\/\/help4help.at\/sk\/wp-json\/wp\/v2\/pages\/104","targetHints":{"allow":["GET"]}}],"collection":[{"href":"https:\/\/help4help.at\/sk\/wp-json\/wp\/v2\/pages"}],"about":[{"href":"https:\/\/help4help.at\/sk\/wp-json\/wp\/v2\/types\/page"}],"author":[{"embeddable":true,"href":"https:\/\/help4help.at\/sk\/wp-json\/wp\/v2\/users\/1"}],"replies":[{"embeddable":true,"href":"https:\/\/help4help.at\/sk\/wp-json\/wp\/v2\/comments?post=104"}],"version-history":[{"count":12,"href":"https:\/\/help4help.at\/sk\/wp-json\/wp\/v2\/pages\/104\/revisions"}],"predecessor-version":[{"id":461,"href":"https:\/\/help4help.at\/sk\/wp-json\/wp\/v2\/pages\/104\/revisions\/461"}],"wp:attachment":[{"href":"https:\/\/help4help.at\/sk\/wp-json\/wp\/v2\/media?parent=104"}],"curies":[{"name":"wp","href":"https:\/\/api.w.org\/{rel}","templated":true}]}}