{"id":106,"date":"2023-03-23T13:00:23","date_gmt":"2023-03-23T12:00:23","guid":{"rendered":"http:\/\/wordpress.p638000.webspaceconfig.de\/?page_id=106"},"modified":"2024-05-06T15:37:48","modified_gmt":"2024-05-06T13:37:48","slug":"dienstleistungen","status":"publish","type":"page","link":"https:\/\/help4help.at\/sk\/dienstleistungen\/","title":{"rendered":"Slu\u017eby"},"content":{"rendered":"<div class=\"wp-block-columns has-white-background-color has-background is-layout-flex wp-container-core-columns-is-layout-28f84493 wp-block-columns-is-layout-flex\">\n<div class=\"wp-block-column is-vertically-aligned-top is-layout-flow wp-block-column-is-layout-flow\">\n<!-- Slideshow container -->\n<div class=\"slideshow-container\">\n\n  <!-- Full-width images with number and caption text -->\n  <div class=\"mySlides fade\">\n    <img decoding=\"async\" src=\"\/wp-content\/uploads\/2024\/05\/b1.jpg\" style=\"width:100%\">\n  <\/div>\n\n  <div class=\"mySlides fade\">\n    <img decoding=\"async\" src=\"\/wp-content\/uploads\/2024\/05\/b2.jpg\" style=\"width:100%\">\n  <\/div>\n\n<\/div>\n<\/div>\n\n\n\n<div class=\"wp-block-column is-layout-flow wp-block-column-is-layout-flow\">\n<h1 class=\"wp-block-heading\">Na\u0161e slu\u017eby<\/h1>\n\n\n\n<p>Nepon\u00fakame \u0161tandardn\u00e9 rie\u0161enia. Preto\u017ee vieme, \u017ee: Ka\u017ed\u00fd pr\u00edpad je in\u00fd.&nbsp;<\/p>\n\n\n\n<p>Preto pon\u00fakame kvalifikovan\u00e9mu o\u0161etrovate\u013esk\u00e9mu person\u00e1lu, zdravotn\u00edckym pracovn\u00edkom, lek\u00e1rom a zdravotn\u00edckym \u0161pecialistom mo\u017enos\u0165 zamestna\u0165 sa s cie\u013eom integrova\u0165 ich do rak\u00faskeho soci\u00e1lneho syst\u00e9mu.<\/p>\n\n\n\n<ul class=\"wp-block-list\">\n<li>Opatrovatelia a zdravotn\u00edcki pracovn\u00edci nemusia by\u0165 u n\u00e1s registrovan\u00ed ako samostatne z\u00e1robkovo \u010dinn\u00e9 osoby.<\/li>\n\n\n\n<li>Odkazujeme ich na zdravotn\u00edcke a opatrovate\u013esk\u00e9 zariadenia a mobiln\u00e9 soci\u00e1lne slu\u017eby.\u00a0<\/li>\n\n\n\n<li>Zamestnanie umo\u017e\u0148uje integr\u00e1ciu do rak\u00faskej soci\u00e1lnej \u0161trukt\u00fary, a preto na\u0161i zamestnanci dost\u00e1vaj\u00fa podporu v nezamestnanosti, 14 platov, primeran\u00e9 poistenie a r\u00f4zne \u010fal\u0161ie podnikov\u00e9 v\u00fdhody.<\/li>\n\n\n\n<li>Pon\u00fakame tie\u017e komplexn\u00e9 riadenie integr\u00e1cie do ka\u017edodennej \u010dinnosti na\u0161ich klientov, ako aj do soci\u00e1lneho prostredia na\u0161ich umiestnen\u00fdch alebo prenajat\u00fdch \u0161pecializovan\u00fdch pracovn\u00edkov.<\/li>\n<\/ul>\n\n\n\n<p><strong>To znamen\u00e1 pri umiestnen\u00ed alebo presune z E\u00da:<\/strong><\/p>\n\n\n\n<ul class=\"wp-block-list\">\n<li>Preh\u013ead a predbe\u017en\u00fd v\u00fdber vhodn\u00fdch kandid\u00e1tov v pr\u00edslu\u0161nej oblasti\n<ul class=\"wp-block-list\">\n<li>Obstar\u00e1vanie a kvalifik\u00e1cia pod\u013ea \u0161pecifik\u00e1ci\u00ed klienta<\/li>\n\n\n\n<li>Vykon\u00e1vanie v\u0161etk\u00fdch administrat\u00edvnych \u010dinnost\u00ed v oblasti n\u00e1boru\u00a0\u00a0\u00a0\u00a0\u00a0<\/li>\n\n\n\n<li>Podpora o\u0161etrovate\u013esk\u00e9ho person\u00e1lu, zdravotn\u00edckych pracovn\u00edkov, lek\u00e1rov a zdravotn\u00edckych \u0161pecialistov pri h\u013eadan\u00ed ubytovania, registr\u00e1cii, umiestnen\u00ed a vybavovan\u00ed dokladov v Rak\u00fasku<\/li>\n<\/ul>\n<\/li>\n\n\n\n<li>Integr\u00e1cia do rak\u00faskeho soci\u00e1lneho syst\u00e9mu<\/li>\n<\/ul>\n\n\n\n<p><strong>To znamen\u00e1 sprostredkovanie zo strany tret\u00edch kraj\u00edn:<\/strong><\/p>\n\n\n\n<ul class=\"wp-block-list\">\n<li>Preh\u013ead a predbe\u017en\u00fd v\u00fdber vhodn\u00fdch kandid\u00e1tov v pr\u00edslu\u0161nej oblasti\n<ul class=\"wp-block-list\">\n<li>Obstar\u00e1vanie a kvalifik\u00e1cia pod\u013ea \u0161pecifik\u00e1ci\u00ed klienta<\/li>\n\n\n\n<li>\u00davodn\u00fd pohovor a pracovn\u00fd pohovor (potvrdzuj\u00face ot\u00e1zky t\u00fdkaj\u00face sa \u017eivotopisu, pracovn\u00fdch sk\u00fasenost\u00ed a zru\u010dnost\u00ed)<\/li>\n<\/ul>\n<\/li>\n\n\n\n<li>Previerky minulosti\n<ul class=\"wp-block-list\">\n<li>Db\u00e1me na to, aby v\u0161etci nov\u00ed zamestnanci klienta absolvovali lek\u00e1rsku prehliadku<\/li>\n\n\n\n<li>Kvalifikovan\u00fd a akreditovan\u00fd lek\u00e1r potvrdzuje, \u017ee uch\u00e1dza\u010d je vhodn\u00fd a odhodlan\u00fd vykon\u00e1va\u0165 pridelen\u00e9 \u00falohy a \u017ee m\u00e1 platn\u00e9 lek\u00e1rske potvrdenie a v\u0161etky po\u017eadovan\u00e9 o\u010dkovania.<\/li>\n<\/ul>\n<\/li>\n\n\n\n<li>Vykon\u00e1vanie v\u0161etk\u00fdch administrat\u00edvnych \u010dinnost\u00ed v oblasti n\u00e1boru a v\u00edz.\n<ul class=\"wp-block-list\">\n<li>Rozhranie medzi bud\u00facimi zamestn\u00e1vate\u013emi a agent\u00farami v \u00e1zijskom regi\u00f3ne<\/li>\n\n\n\n<li>Obstaranie v\u0161etk\u00fdch relevantn\u00fdch dokumentov pre v\u00edzov\u00fd proces<\/li>\n\n\n\n<li>Nostrifik\u00e1cia pre diplomov\u00fd program hum\u00e1nnej medic\u00edny v koordin\u00e1cii s Rak\u00faskou lek\u00e1rskou asoci\u00e1ciou a Lek\u00e1rskou univerzitou vo Viedni<\/li>\n\n\n\n<li>V\u00fdu\u010dba nemeck\u00e9ho jazyka do \u00farovne C1 Goetheho in\u0161tit\u00fat (s podporou nemeck\u00e9ho ve\u013evyslanectva)<\/li>\n\n\n\n<li>Pl\u00e1novanie a podpora pred a po nasaden\u00ed<\/li>\n\n\n\n<li>Podpora pri pr\u00edprave dokumentov a po\u017eiadaviek na s\u00falad pre indon\u00e9zske a filip\u00ednske org\u00e1ny<\/li>\n<\/ul>\n<\/li>\n\n\n\n<li>Podpora zdravotn\u00edckych pracovn\u00edkov, lek\u00e1rov a \u0161pecialistov pri h\u013eadan\u00ed ubytovania, registr\u00e1cii, umiestnen\u00ed a vybavovan\u00ed dokladov v Rak\u00fasku<\/li>\n\n\n\n<li>Integr\u00e1cia do rak\u00faskeho soci\u00e1lneho syst\u00e9mu\n<ul class=\"wp-block-list\">\n<li>Kontaktn\u00e9 miesto pre v\u0161etk\u00fdch umiestnen\u00fdch zamestnancov<\/li>\n\n\n\n<li>Pomoc pri hladkej integr\u00e1cii do rak\u00faskej spolo\u010dnosti<\/li>\n\n\n\n<li>Organiz\u00e1cia pravideln\u00fdch stolov a kult\u00farnych podujat\u00ed<\/li>\n<\/ul>\n<\/li>\n<\/ul>\n\n\n\n<p><strong>SPOLU S NAMI VYTV\u00c1RAME \u00da\u013dAVU V SYST\u00c9ME ZDRAVOTNEJ STAROSTLIVOSTI<\/strong><\/p>\n\n\n\n<p>M\u00e1te \u010fal\u0161ie ot\u00e1zky t\u00fdkaj\u00face sa podpory kvalifikovan\u00e9ho o\u0161etrovate\u013esk\u00e9ho person\u00e1lu alebo lek\u00e1rskych odborn\u00edkov?<\/p>\n\n\n\n<p><strong>Nev\u00e1hajte n\u00e1s kontaktova\u0165.<\/strong><\/p>\n<\/div>\n<\/div>","protected":false},"excerpt":{"rendered":"<p>Unsere Leistungen Wir bieten keine Standardl\u00f6sungen. Denn wir wissen: Jeder Fall ist anders.&nbsp; Deshalb bieten wir diplomierten Pflegekr\u00e4ften, medizinischem Fachpersonal, \u00c4rzte und Fach\u00e4rzte die M\u00f6glichkeit einer Anstellung, um sie in das \u00f6sterreichische Sozialsystem einzugliedern. Das bedeutet f\u00fcr die Vermittlung oder \u00dcberlassung aus der EU: Das bedeutet f\u00fcr die Vermittlung aus den Drittstaaten: MIT UNS SCHAFFEN &hellip;<\/p>\n<p class=\"read-more\"> <a class=\"\" href=\"https:\/\/help4help.at\/sk\/dienstleistungen\/\"> <span class=\"screen-reader-text\">Slu\u017eby<\/span> \u010c\u00edtajte viac &raquo;<\/a><\/p>","protected":false},"author":1,"featured_media":0,"parent":0,"menu_order":0,"comment_status":"closed","ping_status":"closed","template":"","meta":{"site-sidebar-layout":"default","site-content-layout":"default","ast-global-header-display":"","ast-main-header-display":"","ast-hfb-above-header-display":"","ast-hfb-below-header-display":"","ast-hfb-mobile-header-display":"","site-post-title":"disabled","ast-breadcrumbs-content":"","ast-featured-img":"","footer-sml-layout":"","theme-transparent-header-meta":"","adv-header-id-meta":"","stick-header-meta":"","header-above-stick-meta":"","header-main-stick-meta":"","header-below-stick-meta":"","footnotes":""},"class_list":["post-106","page","type-page","status-publish","hentry"],"_links":{"self":[{"href":"https:\/\/help4help.at\/sk\/wp-json\/wp\/v2\/pages\/106","targetHints":{"allow":["GET"]}}],"collection":[{"href":"https:\/\/help4help.at\/sk\/wp-json\/wp\/v2\/pages"}],"about":[{"href":"https:\/\/help4help.at\/sk\/wp-json\/wp\/v2\/types\/page"}],"author":[{"embeddable":true,"href":"https:\/\/help4help.at\/sk\/wp-json\/wp\/v2\/users\/1"}],"replies":[{"embeddable":true,"href":"https:\/\/help4help.at\/sk\/wp-json\/wp\/v2\/comments?post=106"}],"version-history":[{"count":19,"href":"https:\/\/help4help.at\/sk\/wp-json\/wp\/v2\/pages\/106\/revisions"}],"predecessor-version":[{"id":464,"href":"https:\/\/help4help.at\/sk\/wp-json\/wp\/v2\/pages\/106\/revisions\/464"}],"wp:attachment":[{"href":"https:\/\/help4help.at\/sk\/wp-json\/wp\/v2\/media?parent=106"}],"curies":[{"name":"wp","href":"https:\/\/api.w.org\/{rel}","templated":true}]}}